{"id":15395,"date":"2025-06-06T10:35:57","date_gmt":"2025-06-06T10:35:57","guid":{"rendered":"https:\/\/greenvisionsolutions.de\/?page_id=15395"},"modified":"2025-06-13T10:09:59","modified_gmt":"2025-06-13T10:09:59","slug":"mueg-25063","status":"publish","type":"page","link":"https:\/\/greenvisionsolutions.de\/en\/mueg-25063\/","title":{"rendered":"MUEG | 25063"},"content":{"rendered":"<p>[et_pb_section fb_built=&#8220;1&#8243; custom_padding_last_edited=&#8220;on|phone&#8220; _builder_version=&#8220;4.27.4&#8243; _module_preset=&#8220;default&#8220; background_image=&#8220;https:\/\/greenvisionsolutions.de\/wp-content\/uploads\/2025\/06\/Betonblockstein_banner3-scaled.jpg&#8220; custom_padding=&#8220;||180px||false|false&#8220; custom_padding_tablet=&#8220;&#8220; custom_padding_phone=&#8220;0px||||false|false&#8220; background_last_edited=&#8220;on|phone&#8220; background_image_tablet=&#8220;https:\/\/greenvisionsolutions.de\/wp-content\/uploads\/2025\/06\/Betonblockstein_banner3-scaled.jpg&#8220; background_image_phone=&#8220;https:\/\/greenvisionsolutions.de\/wp-content\/uploads\/2025\/06\/Betonblockstein_banner3-scaled.jpg&#8220; background_enable_image_tablet=&#8220;on&#8220; background_enable_image_phone=&#8220;on&#8220; background_position_tablet=&#8220;center&#8220; background_position_phone=&#8220;center&#8220; global_colors_info=&#8220;{}&#8220;][et_pb_row _builder_version=&#8220;4.16&#8243; _module_preset=&#8220;default&#8220; global_colors_info=&#8220;{}&#8220;][et_pb_column type=&#8220;4_4&#8243; _builder_version=&#8220;4.16&#8243; _module_preset=&#8220;default&#8220; global_colors_info=&#8220;{}&#8220;][et_pb_image src=&#8220;https:\/\/greenvisionsolutions.de\/wp-content\/uploads\/2025\/06\/Logo-Transparent-150&#215;119.png&#8220; title_text=&#8220;Logo Transparent&#8220; _builder_version=&#8220;4.27.4&#8243; _module_preset=&#8220;default&#8220; width=&#8220;90px&#8220; width_tablet=&#8220;80px&#8220; width_phone=&#8220;30%&#8220; width_last_edited=&#8220;on|tablet&#8220; custom_margin=&#8220;||20px||false|false&#8220; global_colors_info=&#8220;{}&#8220;][\/et_pb_image][et_pb_text _builder_version=&#8220;4.27.4&#8243; _module_preset=&#8220;default&#8220; header_font=&#8220;|600|||||||&#8220; header_font_size=&#8220;50px&#8220; header_2_font=&#8220;|300|||||||&#8220; header_2_font_size=&#8220;20px&#8220; custom_margin=&#8220;30px||0px||false|false&#8220; custom_margin_tablet=&#8220;||20px||false|false&#8220; custom_margin_phone=&#8220;||0px||false|false&#8220; custom_margin_last_edited=&#8220;on|phone&#8220; custom_padding=&#8220;||0px||false|false&#8220; header_2_font_size_tablet=&#8220;18px&#8220; header_2_font_size_phone=&#8220;16px&#8220; header_2_font_size_last_edited=&#8220;on|phone&#8220; global_colors_info=&#8220;{}&#8220;]<\/p>\n<h2>Product Carbon Footprint | 25063<\/h2>\n<p>[\/et_pb_text][et_pb_text content_tablet=&#8220;<\/p>\n<h1>MUEG Betonblockstein <sup><em style=%22font-size: 16px; font-weight: 300;%22>\u2713 Klimafreundlich<\/em><\/sup><\/h1>\n<p>&#8220; content_phone=&#8220;<\/p>\n<h1>MUEG Betonblockstein<\/h1>\n<p><em>\u2713 Klimafreundlich<\/em><\/sup><\/p>\n<p>&#8220; content_last_edited=&#8220;on|tablet&#8220; _builder_version=&#8220;4.27.4&#8243; _module_preset=&#8220;default&#8220; text_font=&#8220;|300|||||||&#8220; text_font_size=&#8220;16px&#8220; header_font=&#8220;|600|||||||&#8220; header_font_size=&#8220;50px&#8220; header_2_font=&#8220;|600|||||||&#8220; header_2_font_size=&#8220;60px&#8220; custom_margin=&#8220;||20px||false|false&#8220; custom_margin_tablet=&#8220;||20px||false|false&#8220; custom_margin_phone=&#8220;||0px||false|false&#8220; custom_margin_last_edited=&#8220;on|phone&#8220; custom_padding=&#8220;||0px||false|false&#8220; header_font_size_tablet=&#8220;30px&#8220; header_font_size_phone=&#8220;28px&#8220; header_font_size_last_edited=&#8220;on|tablet&#8220; header_2_font_size_tablet=&#8220;38px&#8220; header_2_font_size_phone=&#8220;30px&#8220; header_2_font_size_last_edited=&#8220;on|phone&#8220; global_colors_info=&#8220;{}&#8220;]<\/p>\n<h1>MUEG Betonblockstein <sup><em style=\"font-size: 24px; font-weight: 300;\">\u2713 Klimafreundlich<\/em><\/sup><\/h1>\n<p>[\/et_pb_text][et_pb_text _builder_version=&#8220;4.27.4&#8243; _module_preset=&#8220;default&#8220; text_font_size=&#8220;18px&#8220; text_line_height=&#8220;1.3em&#8220; header_font=&#8220;|600|||||||&#8220; header_font_size=&#8220;60px&#8220; header_2_font=&#8220;Libre Franklin|600|||||||&#8220; header_2_font_size=&#8220;60px&#8220; width_tablet=&#8220;&#8220; width_phone=&#8220;100%&#8220; width_last_edited=&#8220;on|phone&#8220; custom_margin=&#8220;39px||35px||false|false&#8220; custom_margin_tablet=&#8220;&#8220; custom_margin_phone=&#8220;37px||35px||false|false&#8220; custom_margin_last_edited=&#8220;on|phone&#8220; custom_padding=&#8220;|55%|||false|false&#8220; custom_padding_tablet=&#8220;|25%|||false|false&#8220; custom_padding_phone=&#8220;|8%|||false|false&#8220; custom_padding_last_edited=&#8220;on|phone&#8220; text_font_size_tablet=&#8220;16px&#8220; text_font_size_phone=&#8220;14px&#8220; text_font_size_last_edited=&#8220;on|tablet&#8220; global_colors_info=&#8220;{}&#8220;]Der MUEG Betonblockstein ist ein g\u00fcte\u00adgesicherter System\u00adbaustein nach BGB-RiNGB:2021-05, welcher aus regionalen Roh&shy;stoffen unter Verwendung von 100 % rezyklierter Gesteins&shy;k\u00f6rnung hergestellt wird.<\/p>\n<p>Zur Erfassung der CO\u2082-Bilanz wurde der Lebens\u00adzyklus des MUEG Beton\u00adblock\u00adstein in einem umfassenden Prozess \u00fcber die gesamte Herstellungs\u00adphase (Cradle to Gate Ansatz) betrachtet.[\/et_pb_text][et_pb_text content_tablet=&#8220;<\/p>\n<p><button style=%22background-color: transparent; border: solid 2px #121A2F; border-radius: 9px; padding: 0px 20px 0px 20px; width: 300px;%22><\/button><\/p>\n<p style=%22line-height: 1em; font-weight: 450;%22>ZUM PRODUCT CARBON FOOTPRINT<\/p>\n<p><center style=%22width: 300px; margin-top: -23px;%22>Aktuell bis 12\/2022<\/center><\/p>\n<p>&#8220; content_phone=&#8220;<button style=%22background-color: transparent; border: solid 2px #121A2F; border-radius: 9px; padding: 0px 20px 0px 20px; width: 280px;%22><\/p>\n<p style=%22line-height: 1em; font-weight: 450; font-size: 12px;%22>ZUM PRODUCT CARBON FOOTPRINT<\/p>\n<p><\/button><\/p>\n<p><center style=%22width: 280px; margin-top: -23px; %22>Aktuell bis 12\/2022<\/center><\/p>\n<p>&#8220; content_last_edited=&#8220;off|tablet&#8220; disabled_on=&#8220;off|off|off&#8220; _builder_version=&#8220;4.27.4&#8243; _module_preset=&#8220;default&#8220; text_font=&#8220;|300|||||||&#8220; text_font_size=&#8220;16px&#8220; custom_margin=&#8220;||10px|||&#8220; link_option_url=&#8220;#produktbeschreibung&#8220; global_colors_info=&#8220;{}&#8220;]<\/p>\n<p style=\"text-align: left;\">Bilanzierungsstand 06\/2025<\/p>\n<p>[\/et_pb_text][\/et_pb_column][\/et_pb_row][\/et_pb_section][et_pb_section fb_built=&#8220;1&#8243; _builder_version=&#8220;4.16&#8243; _module_preset=&#8220;default&#8220; custom_padding=&#8220;||0px||false|false&#8220; global_colors_info=&#8220;{}&#8220;][et_pb_row column_structure=&#8220;1_3,1_3,1_3&#8243; use_custom_gutter=&#8220;on&#8220; gutter_width=&#8220;2&#8243; make_equal=&#8220;on&#8220; module_id=&#8220;produktbeschreibung&#8220; _builder_version=&#8220;4.18.0&#8243; _module_preset=&#8220;default&#8220; width_tablet=&#8220;&#8220; width_phone=&#8220;90%&#8220; width_last_edited=&#8220;on|phone&#8220; max_width=&#8220;2560px&#8220; custom_margin=&#8220;-200px||||false|false&#8220; custom_margin_tablet=&#8220;&#8220; custom_margin_phone=&#8220;&#8220; custom_margin_last_edited=&#8220;on|phone&#8220; global_colors_info=&#8220;{}&#8220;][et_pb_column type=&#8220;1_3&#8243; _builder_version=&#8220;4.16&#8243; _module_preset=&#8220;default&#8220; background_color=&#8220;#ffffff&#8220; custom_padding=&#8220;||25px||false|false&#8220; border_radii=&#8220;on|9px|9px|9px|9px&#8220; box_shadow_style=&#8220;preset1&#8243; box_shadow_vertical=&#8220;0px&#8220; box_shadow_spread=&#8220;-5px&#8220; global_colors_info=&#8220;{}&#8220;][et_pb_text _builder_version=&#8220;4.27.4&#8243; _module_preset=&#8220;default&#8220; header_3_font=&#8220;|600|||||||&#8220; header_3_text_color=&#8220;#006931&#8243; header_3_font_size=&#8220;18px&#8220; custom_margin=&#8220;||0px||false|false&#8220; custom_padding=&#8220;40px|0px|30px||false|false&#8220; custom_padding_tablet=&#8220;&#8220; custom_padding_phone=&#8220;30px|0px|20px||false|false&#8220; custom_padding_last_edited=&#8220;on|phone&#8220; global_colors_info=&#8220;{}&#8220;]<\/p>\n<h3 style=\"text-align: center;\">PRODUKTBESCHREIBUNG<\/h3>\n<p>[\/et_pb_text][et_pb_image src=&#8220;https:\/\/greenvisionsolutions.de\/wp-content\/uploads\/2021\/11\/Produkt.svg&#8220; title_text=&#8220;Produkt&#8220; align=&#8220;center&#8220; _builder_version=&#8220;4.16&#8243; _module_preset=&#8220;default&#8220; width=&#8220;25%&#8220; min_height=&#8220;110px&#8220; min_height_tablet=&#8220;&#8220; min_height_phone=&#8220;60px&#8220; min_height_last_edited=&#8220;on|phone&#8220; height=&#8220;110px&#8220; height_tablet=&#8220;&#8220; height_phone=&#8220;60px&#8220; height_last_edited=&#8220;on|phone&#8220; max_height=&#8220;110px&#8220; max_height_tablet=&#8220;&#8220; max_height_phone=&#8220;60px&#8220; max_height_last_edited=&#8220;on|phone&#8220; custom_margin=&#8220;0px||0px||false|false&#8220; custom_padding=&#8220;|0px|0px||false|false&#8220; global_colors_info=&#8220;{}&#8220;][\/et_pb_image][et_pb_text _builder_version=&#8220;4.27.4&#8243; _module_preset=&#8220;default&#8220; text_font=&#8220;Libre Franklin||||||||&#8220; text_text_color=&#8220;#121A2F&#8220; custom_padding=&#8220;40px|10%|20px|10%|false|true&#8220; custom_padding_tablet=&#8220;&#8220; custom_padding_phone=&#8220;20px|5%|20px|5%|false|true&#8220; custom_padding_last_edited=&#8220;on|phone&#8220; text_font_size_tablet=&#8220;&#8220; text_font_size_phone=&#8220;12px&#8220; text_font_size_last_edited=&#8220;on|phone&#8220; text_line_height_tablet=&#8220;&#8220; text_line_height_phone=&#8220;1.3em&#8220; text_line_height_last_edited=&#8220;on|phone&#8220; border_radii=&#8220;on|9px|9px|9px|9px&#8220; global_colors_info=&#8220;{}&#8220;]<\/p>\n<p style=\"text-align: center;\">Untersucht wurde der <strong>MUEG Betonblockstein im Standardformat 1600 x 800 x 800 mm. <\/strong>Es handelt sich um einen g\u00fctegesicherten Systembaustein bestehend aus 100 % rezyklierter Gesteinsk\u00f6rnung, Zement aus regionaler Herstellung und Wasser.<\/p>\n<p>[\/et_pb_text][\/et_pb_column][et_pb_column type=&#8220;1_3&#8243; _builder_version=&#8220;4.16&#8243; _module_preset=&#8220;default&#8220; background_color=&#8220;#ffffff&#8220; custom_padding=&#8220;||25px||false|false&#8220; border_radii=&#8220;on|9px|9px|9px|9px&#8220; box_shadow_style=&#8220;preset1&#8243; box_shadow_vertical=&#8220;0px&#8220; box_shadow_spread=&#8220;-5px&#8220; global_colors_info=&#8220;{}&#8220;][et_pb_text _builder_version=&#8220;4.27.4&#8243; _module_preset=&#8220;default&#8220; header_3_font=&#8220;|600|||||||&#8220; header_3_text_color=&#8220;#006931&#8243; header_3_font_size=&#8220;18px&#8220; custom_margin=&#8220;||0px||false|false&#8220; custom_padding=&#8220;40px||30px||false|false&#8220; custom_padding_tablet=&#8220;&#8220; custom_padding_phone=&#8220;30px||20px||false|false&#8220; custom_padding_last_edited=&#8220;on|phone&#8220; global_colors_info=&#8220;{}&#8220;]<\/p>\n<h3 style=\"text-align: center;\">BILANZIERUNGSGRENZEN<\/h3>\n<p>[\/et_pb_text][et_pb_image src=&#8220;https:\/\/greenvisionsolutions.de\/wp-content\/uploads\/2021\/11\/grenzen.svg&#8220; title_text=&#8220;grenzen&#8220; align=&#8220;center&#8220; _builder_version=&#8220;4.16&#8243; _module_preset=&#8220;default&#8220; width=&#8220;23%&#8220; width_tablet=&#8220;&#8220; width_phone=&#8220;&#8220; width_last_edited=&#8220;on|phone&#8220; min_height=&#8220;110px&#8220; min_height_tablet=&#8220;&#8220; min_height_phone=&#8220;60px&#8220; min_height_last_edited=&#8220;on|phone&#8220; height=&#8220;110px&#8220; height_tablet=&#8220;&#8220; height_phone=&#8220;60px&#8220; height_last_edited=&#8220;on|phone&#8220; max_height=&#8220;110px&#8220; max_height_tablet=&#8220;&#8220; max_height_phone=&#8220;60px&#8220; max_height_last_edited=&#8220;on|phone&#8220; custom_margin=&#8220;||0px||false|false&#8220; global_colors_info=&#8220;{}&#8220;][\/et_pb_image][et_pb_text _builder_version=&#8220;4.27.4&#8243; _module_preset=&#8220;default&#8220; text_font=&#8220;Libre Franklin||||||||&#8220; text_text_color=&#8220;#121A2F&#8220; custom_margin=&#8220;0px||0px||false|false&#8220; custom_padding=&#8220;40px|10%|20px|10%|false|true&#8220; custom_padding_tablet=&#8220;&#8220; custom_padding_phone=&#8220;20px|5%||5%|false|true&#8220; custom_padding_last_edited=&#8220;on|phone&#8220; text_font_size_tablet=&#8220;&#8220; text_font_size_phone=&#8220;12px&#8220; text_font_size_last_edited=&#8220;on|phone&#8220; text_line_height_tablet=&#8220;&#8220; text_line_height_phone=&#8220;1.3em&#8220; text_line_height_last_edited=&#8220;on|phone&#8220; border_radii=&#8220;on|9px|9px|9px|9px&#8220; global_colors_info=&#8220;{}&#8220;]<\/p>\n<p style=\"text-align: center;\">Die Emissionen wurden <strong>von der Rohstoffgewinnung bis zum Verlassen des Werks<\/strong> bilanziert, gem\u00e4\u00df dem Bilanzierungsansatz Cradle to Gate. Dabei wurden s\u00e4mtliche Treibhausgasemissionen entlang des Lebenszyklus erfasst und gem\u00e4\u00df dem Product Life Cycle Accounting and Reporting Standard des Greenhouse Gas Protocols berechnet.<\/p>\n<p>[\/et_pb_text][\/et_pb_column][et_pb_column type=&#8220;1_3&#8243; _builder_version=&#8220;4.16&#8243; _module_preset=&#8220;default&#8220; background_color=&#8220;#ffffff&#8220; custom_padding=&#8220;||25px||false|false&#8220; border_radii=&#8220;on|9px|9px|9px|9px&#8220; box_shadow_style=&#8220;preset1&#8243; box_shadow_vertical=&#8220;0px&#8220; box_shadow_spread=&#8220;-5px&#8220; global_colors_info=&#8220;{}&#8220;][et_pb_text _builder_version=&#8220;4.27.4&#8243; _module_preset=&#8220;default&#8220; header_3_font=&#8220;|600|||||||&#8220; header_3_text_color=&#8220;#006931&#8243; custom_margin=&#8220;||0px||false|false&#8220; custom_padding=&#8220;40px||30px||false|false&#8220; custom_padding_tablet=&#8220;&#8220; custom_padding_phone=&#8220;30px||20px||false|false&#8220; custom_padding_last_edited=&#8220;on|phone&#8220; global_colors_info=&#8220;{}&#8220;]<\/p>\n<h3 style=\"text-align: center;\">FUNKTIONELLE EINHEIT<\/h3>\n<p>[\/et_pb_text][et_pb_image src=&#8220;https:\/\/greenvisionsolutions.de\/wp-content\/uploads\/2025\/06\/Betonblock.svg&#8220; title_text=&#8220;Betonblock&#8220; align=&#8220;center&#8220; _builder_version=&#8220;4.27.4&#8243; _module_preset=&#8220;default&#8220; width=&#8220;29%&#8220; width_tablet=&#8220;22%&#8220; width_phone=&#8220;100%&#8220; width_last_edited=&#8220;on|tablet&#8220; min_height=&#8220;110px&#8220; min_height_tablet=&#8220;&#8220; min_height_phone=&#8220;60px&#8220; min_height_last_edited=&#8220;on|phone&#8220; height=&#8220;110px&#8220; height_tablet=&#8220;&#8220; height_phone=&#8220;60px&#8220; height_last_edited=&#8220;on|phone&#8220; max_height=&#8220;110px&#8220; max_height_tablet=&#8220;&#8220; max_height_phone=&#8220;60px&#8220; max_height_last_edited=&#8220;on|phone&#8220; custom_margin=&#8220;0px||0px||false|false&#8220; global_colors_info=&#8220;{}&#8220;][\/et_pb_image][et_pb_text _builder_version=&#8220;4.27.4&#8243; _module_preset=&#8220;default&#8220; text_font=&#8220;Libre Franklin||||||||&#8220; text_text_color=&#8220;#121A2F&#8220; custom_padding=&#8220;40px|10%|20px|10%|false|true&#8220; custom_padding_tablet=&#8220;&#8220; custom_padding_phone=&#8220;20px|5%||5%|false|true&#8220; custom_padding_last_edited=&#8220;on|phone&#8220; text_font_size_tablet=&#8220;&#8220; text_font_size_phone=&#8220;12px&#8220; text_font_size_last_edited=&#8220;on|phone&#8220; text_line_height_tablet=&#8220;&#8220; text_line_height_phone=&#8220;1.3em&#8220; text_line_height_last_edited=&#8220;on|phone&#8220; border_radii=&#8220;on|9px|9px|9px|9px&#8220; global_colors_info=&#8220;{}&#8220;]<\/p>\n<p style=\"text-align: center;\">Als Vergleichseinheit f\u00fcr den quantifizierten Nutzen des Produktsystems wurde ein <strong>Betonblockstein mit 2.160 kg<\/strong> betrachtet. Diese wird als repr\u00e4sentative Bezugsgr\u00f6\u00dfe genutzt.<\/p>\n<p>[\/et_pb_text][\/et_pb_column][\/et_pb_row][\/et_pb_section][et_pb_section fb_built=&#8220;1&#8243; module_id=&#8220;pcf21113&#8243; _builder_version=&#8220;4.16&#8243; _module_preset=&#8220;default&#8220; custom_padding=&#8220;34px|||||&#8220; global_colors_info=&#8220;{}&#8220;][et_pb_row disabled_on=&#8220;off|off|off&#8220; _builder_version=&#8220;4.27.4&#8243; _module_preset=&#8220;default&#8220; width=&#8220;50%&#8220; width_tablet=&#8220;80%&#8220; width_phone=&#8220;80%&#8220; width_last_edited=&#8220;on|desktop&#8220; max_width=&#8220;1980px&#8220; module_alignment=&#8220;center&#8220; global_colors_info=&#8220;{}&#8220;][et_pb_column type=&#8220;4_4&#8243; _builder_version=&#8220;4.16&#8243; _module_preset=&#8220;default&#8220; global_colors_info=&#8220;{}&#8220;][et_pb_image src=&#8220;https:\/\/greenvisionsolutions.de\/wp-content\/uploads\/2025\/06\/mueg_Grafik_PCF.png&#8220; title_text=&#8220;mueg_Grafik_PCF&#8220; align=&#8220;center&#8220; disabled_on=&#8220;off|off|off&#8220; _builder_version=&#8220;4.27.4&#8243; _module_preset=&#8220;default&#8220; width_last_edited=&#8220;off|desktop&#8220; max_width=&#8220;1100px&#8220; hover_enabled=&#8220;0&#8243; global_colors_info=&#8220;{}&#8220; sticky_enabled=&#8220;0&#8243;][\/et_pb_image][\/et_pb_column][\/et_pb_row][\/et_pb_section]<\/p>\n","protected":false},"excerpt":{"rendered":"<p>Product Carbon Footprint | 25063MUEG Betonblockstein \u2713 KlimafreundlichDer MUEG Betonblockstein ist ein g\u00fcte\u00adgesicherter System\u00adbaustein nach BGB-RiNGB:2021-05, welcher aus regionalen Roh&shy;stoffen unter Verwendung von 100 % rezyklierter Gesteins&shy;k\u00f6rnung hergestellt wird. Zur Erfassung der CO\u2082-Bilanz wurde der Lebens\u00adzyklus des MUEG Beton\u00adblock\u00adstein in einem umfassenden Prozess \u00fcber die gesamte Herstellungs\u00adphase (Cradle to Gate Ansatz) betrachtet.Bilanzierungsstand 06\/2025PRODUKTBESCHREIBUNGUntersucht wurde der [&hellip;]<\/p>\n","protected":false},"author":2,"featured_media":0,"parent":0,"menu_order":0,"comment_status":"closed","ping_status":"closed","template":"","meta":{"_et_pb_use_builder":"on","_et_pb_old_content":"","_et_gb_content_width":"","content-type":"","inline_featured_image":false,"footnotes":""},"class_list":["post-15395","page","type-page","status-publish","hentry"],"_links":{"self":[{"href":"https:\/\/greenvisionsolutions.de\/en\/wp-json\/wp\/v2\/pages\/15395","targetHints":{"allow":["GET"]}}],"collection":[{"href":"https:\/\/greenvisionsolutions.de\/en\/wp-json\/wp\/v2\/pages"}],"about":[{"href":"https:\/\/greenvisionsolutions.de\/en\/wp-json\/wp\/v2\/types\/page"}],"author":[{"embeddable":true,"href":"https:\/\/greenvisionsolutions.de\/en\/wp-json\/wp\/v2\/users\/2"}],"replies":[{"embeddable":true,"href":"https:\/\/greenvisionsolutions.de\/en\/wp-json\/wp\/v2\/comments?post=15395"}],"version-history":[{"count":10,"href":"https:\/\/greenvisionsolutions.de\/en\/wp-json\/wp\/v2\/pages\/15395\/revisions"}],"predecessor-version":[{"id":15418,"href":"https:\/\/greenvisionsolutions.de\/en\/wp-json\/wp\/v2\/pages\/15395\/revisions\/15418"}],"wp:attachment":[{"href":"https:\/\/greenvisionsolutions.de\/en\/wp-json\/wp\/v2\/media?parent=15395"}],"curies":[{"name":"wp","href":"https:\/\/api.w.org\/{rel}","templated":true}]}}