{"id":16756,"date":"2026-01-20T13:23:40","date_gmt":"2026-01-20T13:23:40","guid":{"rendered":"https:\/\/greenvisionsolutions.de\/?page_id=16756"},"modified":"2026-01-29T09:19:37","modified_gmt":"2026-01-29T09:19:37","slug":"seminar-bestellung-omnibus-vsme","status":"publish","type":"page","link":"https:\/\/greenvisionsolutions.de\/en\/seminar-bestellung-omnibus-vsme\/","title":{"rendered":"Seminar Bestellung: Omnibus VSME"},"content":{"rendered":"<p>[et_pb_section fb_built=&#8220;1&#8243; admin_label=&#8220;Footer&#8220; module_id=&#8220;anmeldung&#8220; _builder_version=&#8220;4.25.0&#8243; background_color=&#8220;RGBA(255,255,255,0)&#8220; use_background_color_gradient=&#8220;on&#8220; background_color_gradient_direction=&#8220;-20deg&#8220; background_color_gradient_stops=&#8220;rgba(0,51,69,0.85) 0%|rgba(0,51,69,0.88) 100%&#8220; background_color_gradient_overlays_image=&#8220;on&#8220; background_color_gradient_start=&#8220;#223a6b&#8220; background_color_gradient_end=&#8220;rgba(45,73,137,0.74)&#8220; background_image=&#8220;https:\/\/greenvisionsolutions.de\/wp-content\/uploads\/2023\/06\/Green-Vision-Solutions-Corporate-Carbon-Footprint-e1686583259531.jpg&#8220; custom_padding=&#8220;4vw||8vw||false|false&#8220; top_divider_repeat=&#8220;0.5x&#8220; border_radii=&#8220;|||20vw|20vw&#8220; box_shadow_style=&#8220;preset6&#8243; box_shadow_blur=&#8220;200px&#8220; box_shadow_color=&#8220;rgba(0,0,0,0.5)&#8220; global_colors_info=&#8220;{}&#8220; theme_builder_area=&#8220;post_content&#8220;][et_pb_row column_structure=&#8220;2_5,3_5&#8243; _builder_version=&#8220;4.27.4&#8243; _module_preset=&#8220;default&#8220; background_color=&#8220;#ffffff&#8220; width=&#8220;90%&#8220; width_tablet=&#8220;&#8220; width_phone=&#8220;95%&#8220; width_last_edited=&#8220;on|phone&#8220; max_width=&#8220;1550px&#8220; custom_margin=&#8220;|auto|53px|auto||&#8220; custom_margin_tablet=&#8220;&#8220; custom_margin_phone=&#8220;0px||-85px||false|false&#8220; custom_margin_last_edited=&#8220;on|phone&#8220; custom_padding=&#8220;44px||60px|||&#8220; border_radii=&#8220;on|9px|9px|9px|9px&#8220; border_width_all=&#8220;1px&#8220; border_color_all=&#8220;rgba(176,179,190,0.91)&#8220; box_shadow_style=&#8220;preset1&#8243; box_shadow_color=&#8220;rgba(0,0,0,0.2)&#8220; global_colors_info=&#8220;{}&#8220; theme_builder_area=&#8220;post_content&#8220;][et_pb_column type=&#8220;2_5&#8243; _builder_version=&#8220;4.27.4&#8243; _module_preset=&#8220;default&#8220; background_color=&#8220;RGBA(255,255,255,0)&#8220; custom_padding=&#8220;|||30px|false|false&#8220; global_colors_info=&#8220;{}&#8220; theme_builder_area=&#8220;post_content&#8220;][et_pb_text _builder_version=&#8220;4.27.4&#8243; _module_preset=&#8220;default&#8220; header_font=&#8220;||||||||&#8220; header_font_size=&#8220;14px&#8220; custom_margin=&#8220;||13px|||&#8220; global_colors_info=&#8220;{}&#8220; theme_builder_area=&#8220;post_content&#8220;]<\/p>\n<h2>Anmeldung zum Seminar<\/h2>\n<p>[\/et_pb_text][et_pb_blurb title=&#8220;Wir sind f\u00fcr Sie da &#8220; image=&#8220;https:\/\/greenvisionsolutions.de\/wp-content\/uploads\/2024\/10\/Julia_Signatur_0824-300&#215;300.png&#8220; icon_placement=&#8220;left&#8220; image_icon_width=&#8220;100px&#8220; content_max_width=&#8220;100%&#8220; image_icon_width_tablet=&#8220;100px&#8220; image_icon_width_phone=&#8220;55px&#8220; image_icon_width_last_edited=&#8220;on|phone&#8220; _builder_version=&#8220;4.27.4&#8243; _module_preset=&#8220;default&#8220; header_level=&#8220;h6&#8243; header_font=&#8220;||||||||&#8220; header_text_color=&#8220;#121A2F&#8220; header_font_size=&#8220;18px&#8220; body_font=&#8220;|300|||||||&#8220; body_text_color=&#8220;#121A2F&#8220; body_font_size=&#8220;16px&#8220; body_line_height=&#8220;0.5em&#8220; body_ul_type=&#8220;none&#8220; body_ul_font_size=&#8220;18px&#8220; body_ul_line_height=&#8220;1.3em&#8220; background_color=&#8220;#eceef4&#8243; image_icon_custom_margin=&#8220;|||11px|false|false&#8220; image_icon_custom_padding=&#8220;|0px|||false|false&#8220; max_width=&#8220;100%&#8220; custom_margin=&#8220;5px||22px||false|false&#8220; custom_margin_tablet=&#8220;26px||4px|||&#8220; custom_margin_phone=&#8220;26px||4px||false|false&#8220; custom_margin_last_edited=&#8220;on|phone&#8220; custom_padding=&#8220;30px|20px|30px|20px|false|true&#8220; custom_padding_tablet=&#8220;30px|20px|30px|20px|false|true&#8220; custom_padding_phone=&#8220;30px|5px|25px|5px|false|true&#8220; custom_padding_last_edited=&#8220;on|phone&#8220; animation=&#8220;off&#8220; header_font_size_tablet=&#8220;16px&#8220; header_font_size_phone=&#8220;14px&#8220; header_font_size_last_edited=&#8220;on|phone&#8220; body_font_size_tablet=&#8220;14px&#8220; body_font_size_phone=&#8220;12px&#8220; body_font_size_last_edited=&#8220;on|phone&#8220; body_ul_font_size_tablet=&#8220;18px&#8220; body_ul_font_size_phone=&#8220;14px&#8220; body_ul_font_size_last_edited=&#8220;on|phone&#8220; border_radii=&#8220;on|5px|5px|5px|5px&#8220; border_color_all=&#8220;rgba(176,179,190,0.66)&#8220; global_colors_info=&#8220;{}&#8220; theme_builder_area=&#8220;post_content&#8220;]<\/p>\n<h3><\/h3>\n<p>Kontaktieren Sie mich gerne bei Fragen:<\/p>\n<p>Julia Karcher | +49 621 493086-52<\/p>\n<p>wissenspakete@greenvisionsolutions.de<\/p>\n<p>[\/et_pb_blurb][et_pb_image src=&#8220;https:\/\/greenvisionsolutions.de\/wp-content\/uploads\/2025\/05\/trusted_partners_1124-1.png&#8220; title_text=&#8220;trusted_partners_1124&#8243; _builder_version=&#8220;4.27.4&#8243; _module_preset=&#8220;default&#8220; background_color=&#8220;#ffffff&#8220; max_width=&#8220;300px&#8220; custom_margin=&#8220;|||-6px|false|false&#8220; border_radii=&#8220;on|9px|9px|9px|9px&#8220; global_colors_info=&#8220;{}&#8220; theme_builder_area=&#8220;post_content&#8220;][\/et_pb_image][\/et_pb_column][et_pb_column type=&#8220;3_5&#8243; _builder_version=&#8220;4.27.4&#8243; _module_preset=&#8220;default&#8220; custom_padding=&#8220;0px|50px||0px|false|false&#8220; global_colors_info=&#8220;{}&#8220; theme_builder_area=&#8220;post_content&#8220;][et_pb_text content_tablet=&#8220;<\/p>\n<h2>Zukunftsf\u00e4hig durch messbaren Klimaschutz<\/h2>\n<\/p>\n<p>Green Vision Solutions stellt Ihr Unternehmen zukunftsf\u00e4hig auf, weil wir messbaren Klimaschutz verwirklichen. Unser Ansatz ist l\u00f6sungsorientiert und anwendungsbezogen, denn \u00d6kologie und \u00d6konomie gehen bei uns Hand in Hand.<\/p>\n<p>&#8220; content_phone=&#8220;<\/p>\n<h2>Zukunftsf\u00e4hig durch messbaren Klimaschutz<\/h2>\n<\/p>\n<p>Green Vision Solutions stellt Ihr Unternehmen zukunftsf\u00e4hig auf, weil wir messbaren Klimaschutz verwirklichen. Unser Ansatz ist l\u00f6sungsorientiert und anwendungsbezogen, denn \u00d6kologie und \u00d6konomie gehen bei uns Hand in Hand.<\/p>\n<p>&#8220; content_last_edited=&#8220;off|desktop&#8220; disabled_on=&#8220;off|off|off&#8220; admin_label=&#8220;Zukunftsf\u00e4hig durch messbaren Klimaschutz&#8220; _builder_version=&#8220;4.27.5&#8243; _module_preset=&#8220;default&#8220; text_font=&#8220;Libre Franklin|300|||||||&#8220; text_text_color=&#8220;#87B339&#8243; text_font_size=&#8220;18px&#8220; text_line_height=&#8220;1em&#8220; header_font=&#8220;Libre Franklin||||||||&#8220; header_text_align=&#8220;left&#8220; header_text_color=&#8220;#121A2F&#8220; header_font_size=&#8220;35px&#8220; header_2_font=&#8220;Libre Franklin|600|||||||&#8220; header_2_text_align=&#8220;left&#8220; header_2_text_color=&#8220;#121A2F&#8220; header_2_font_size=&#8220;40px&#8220; header_2_line_height=&#8220;1.2em&#8220; header_3_font_size=&#8220;24px&#8220; header_4_font=&#8220;|600||||on|||&#8220; header_4_text_color=&#8220;#87B339&#8243; text_orientation=&#8220;center&#8220; max_width=&#8220;1020px&#8220; module_alignment=&#8220;center&#8220; custom_margin=&#8220;-60px||-50px||false|false&#8220; custom_margin_tablet=&#8220;0px||||false|false&#8220; custom_margin_phone=&#8220;40px||0px||false|false&#8220; custom_margin_last_edited=&#8220;off|desktop&#8220; custom_padding=&#8220;|0px|1px|0px|false|true&#8220; custom_padding_tablet=&#8220;|0%||0%|false|true&#8220; custom_padding_phone=&#8220;&#8220; custom_padding_last_edited=&#8220;on|tablet&#8220; hover_enabled=&#8220;0&#8243; text_text_color_tablet=&#8220;#121A2F&#8220; text_text_color_phone=&#8220;#121A2F&#8220; text_text_color_last_edited=&#8220;on|phone&#8220; text_font_size_tablet=&#8220;18px&#8220; text_font_size_phone=&#8220;16px&#8220; text_font_size_last_edited=&#8220;on|phone&#8220; text_line_height_tablet=&#8220;1.3em&#8220; text_line_height_phone=&#8220;&#8220; text_line_height_last_edited=&#8220;on|tablet&#8220; global_colors_info=&#8220;{}&#8220; theme_builder_area=&#8220;post_content&#8220; sticky_enabled=&#8220;0&#8243;]<iframe width=\"600\" height=\"2100\" data-src=\"https:\/\/ca8f2165.sibforms.com\/serve\/MUIFALGUsNvj60ErsK7ccm6AHMtstWQ4dnzPsvxa7mFmoRplfNOo2AUs-6O41EtgsCyHUbaYS7-QKkjoalh-6HoNWoxj9cfTRwtk7Ip83yCEdQP1fs93iJ5EoxK-YG1kZ4NI7-bE66EEJJn_6nYtxTwSADlDnhnjjxZgipFyxarT7thKRihdRXZmNA4B0QwRvxsIG_rw3myh_10BJg==\" frameborder=\"0\" scrolling=\"auto\" allowfullscreen style=\"display: block;margin-left: auto;margin-right: auto;max-width: 100%;\" src=\"data:image\/svg+xml;base64,PHN2ZyB3aWR0aD0iMSIgaGVpZ2h0PSIxIiB4bWxucz0iaHR0cDovL3d3dy53My5vcmcvMjAwMC9zdmciPjwvc3ZnPg==\" class=\"lazyload\" data-load-mode=\"1\"><\/iframe>[\/et_pb_text][\/et_pb_column][\/et_pb_row][\/et_pb_section]<\/p>\n","protected":false},"excerpt":{"rendered":"<p>Anmeldung zum Seminar Kontaktieren Sie mich gerne bei Fragen: Julia Karcher | +49 621 493086-52 wissenspakete@greenvisionsolutions.de<\/p>","protected":false},"author":2,"featured_media":0,"parent":0,"menu_order":0,"comment_status":"closed","ping_status":"closed","template":"","meta":{"_et_pb_use_builder":"on","_et_pb_old_content":"","_et_gb_content_width":"","content-type":"","inline_featured_image":false,"footnotes":""},"class_list":["post-16756","page","type-page","status-publish","hentry"],"_links":{"self":[{"href":"https:\/\/greenvisionsolutions.de\/en\/wp-json\/wp\/v2\/pages\/16756","targetHints":{"allow":["GET"]}}],"collection":[{"href":"https:\/\/greenvisionsolutions.de\/en\/wp-json\/wp\/v2\/pages"}],"about":[{"href":"https:\/\/greenvisionsolutions.de\/en\/wp-json\/wp\/v2\/types\/page"}],"author":[{"embeddable":true,"href":"https:\/\/greenvisionsolutions.de\/en\/wp-json\/wp\/v2\/users\/2"}],"replies":[{"embeddable":true,"href":"https:\/\/greenvisionsolutions.de\/en\/wp-json\/wp\/v2\/comments?post=16756"}],"version-history":[{"count":4,"href":"https:\/\/greenvisionsolutions.de\/en\/wp-json\/wp\/v2\/pages\/16756\/revisions"}],"predecessor-version":[{"id":16827,"href":"https:\/\/greenvisionsolutions.de\/en\/wp-json\/wp\/v2\/pages\/16756\/revisions\/16827"}],"wp:attachment":[{"href":"https:\/\/greenvisionsolutions.de\/en\/wp-json\/wp\/v2\/media?parent=16756"}],"curies":[{"name":"wp","href":"https:\/\/api.w.org\/{rel}","templated":true}]}}