{"id":6155,"date":"2023-02-17T13:14:19","date_gmt":"2023-02-17T13:14:19","guid":{"rendered":"https:\/\/greenvisionsolutions.de\/?page_id=6155"},"modified":"2023-04-11T12:34:09","modified_gmt":"2023-04-11T12:34:09","slug":"whitepaper-climate-protection","status":"publish","type":"page","link":"https:\/\/greenvisionsolutions.de\/en\/whitepaper-klimaschutz\/","title":{"rendered":"Whitepaper | Dealing with climate protection in the company"},"content":{"rendered":"<p>[et_pb_section fb_built=&#8220;1&#8243; admin_label=&#8220;Contact Form Section&#8220; module_id=&#8220;mehr-erfahren-formular&#8220; _builder_version=&#8220;4.18.0&#8243; _module_preset=&#8220;default&#8220; background_color=&#8220;#f6f6f6&#8243; custom_margin=&#8220;||0px|||&#8220; custom_padding=&#8220;53px||110px|||&#8220; animation_direction=&#8220;bottom&#8220; saved_tabs=&#8220;all&#8220; global_colors_info=&#8220;{}&#8220;][et_pb_row column_structure=&#8220;1_2,1_2&#8243; admin_label=&#8220;Service Section Title&#8220; _builder_version=&#8220;4.18.0&#8243; _module_preset=&#8220;default&#8220; width=&#8220;90%&#8220; max_width=&#8220;2560px&#8220; custom_margin=&#8220;||40px|&#8220; custom_padding=&#8220;14px||0px|||&#8220; animation_style=&#8220;fade&#8220; animation_direction=&#8220;top&#8220; locked=&#8220;off&#8220; global_colors_info=&#8220;{}&#8220;][et_pb_column type=&#8220;1_2&#8243; disabled_on=&#8220;off|off|off&#8220; _builder_version=&#8220;4.18.0&#8243; _module_preset=&#8220;default&#8220; custom_padding=&#8220;|||&#8220; global_colors_info=&#8220;{}&#8220; custom_padding__hover=&#8220;|||&#8220;][et_pb_image src=&#8220;https:\/\/greenvisionsolutions.de\/wp-content\/uploads\/2023\/02\/mockup-hochkant-1_komprimiert.png&#8220; title_text=&#8220;mockup-hochkant-1_komprimiert&#8220; align=&#8220;center&#8220; _builder_version=&#8220;4.20.0&#8243; _module_preset=&#8220;default&#8220; width=&#8220;80%&#8220; width_tablet=&#8220;60%&#8220; width_phone=&#8220;60%&#8220; width_last_edited=&#8220;on|tablet&#8220; custom_margin=&#8220;||11px|||&#8220; global_colors_info=&#8220;{}&#8220;][\/et_pb_image][et_pb_image src=&#8220;https:\/\/greenvisionsolutions.de\/wp-content\/uploads\/2023\/04\/trusted_partners_png_150dpi.png&#8220; title_text=&#8220;trusted_partners_png_150dpi&#8220; disabled_on=&#8220;on|on|off&#8220; _builder_version=&#8220;4.20.4&#8243; _module_preset=&#8220;default&#8220; width=&#8220;80%&#8220; max_width=&#8220;550px&#8220; module_alignment=&#8220;center&#8220; custom_margin=&#8220;||17px|||&#8220; custom_padding=&#8220;2px|||||&#8220; filter_saturate=&#8220;0%&#8220; filter_opacity=&#8220;75%&#8220; hover_enabled=&#8220;0&#8243; border_radii=&#8220;on|5px|5px|5px|5px&#8220; box_shadow_style=&#8220;preset1&#8243; box_shadow_blur=&#8220;30px&#8220; box_shadow_spread=&#8220;-17px&#8220; global_colors_info=&#8220;{}&#8220; sticky_enabled=&#8220;0&#8243;][\/et_pb_image][et_pb_text content_tablet=&#8220;<\/p>\n<h2>Zukunftsf\u00e4hig durch messbaren Klimaschutz<\/h2>\n<\/p>\n<p>Green Vision Solutions stellt Ihr Unternehmen zukunftsf\u00e4hig auf, weil wir messbaren Klimaschutz verwirklichen. Unser Ansatz ist l\u00f6sungsorientiert und anwendungsbezogen, denn \u00d6kologie und \u00d6konomie gehen bei uns Hand in Hand.<\/p>\n<p>&#8220; content_phone=&#8220;<\/p>\n<h2>Zukunftsf\u00e4hig durch messbaren Klimaschutz<\/h2>\n<\/p>\n<p>Green Vision Solutions stellt Ihr Unternehmen zukunftsf\u00e4hig auf, weil wir messbaren Klimaschutz verwirklichen. Unser Ansatz ist l\u00f6sungsorientiert und anwendungsbezogen, denn \u00d6kologie und \u00d6konomie gehen bei uns Hand in Hand.<\/p>\n<p>&#8220; content_last_edited=&#8220;off|desktop&#8220; disabled_on=&#8220;on|on|off&#8220; admin_label=&#8220;Zukunftsf\u00e4hig durch messbaren Klimaschutz&#8220; _builder_version=&#8220;4.20.2&#8243; _module_preset=&#8220;default&#8220; text_font=&#8220;Libre Franklin||||||||&#8220; text_text_color=&#8220;#42485B&#8220; text_font_size=&#8220;10px&#8220; text_line_height=&#8220;1.3em&#8220; header_font=&#8220;Libre Franklin||||||||&#8220; header_text_align=&#8220;left&#8220; header_text_color=&#8220;#121A2F&#8220; header_font_size=&#8220;35px&#8220; header_2_font=&#8220;Libre Franklin|600|||||||&#8220; header_2_text_align=&#8220;left&#8220; header_2_text_color=&#8220;#121A2F&#8220; header_2_font_size=&#8220;40px&#8220; header_2_line_height=&#8220;1.2em&#8220; header_3_font_size=&#8220;24px&#8220; text_orientation=&#8220;center&#8220; width=&#8220;49%&#8220; module_alignment=&#8220;center&#8220; custom_margin=&#8220;0px||0px||false|false&#8220; custom_margin_tablet=&#8220;0px||||false|false&#8220; custom_margin_phone=&#8220;40px||0px||false|false&#8220; custom_margin_last_edited=&#8220;on|phone&#8220; custom_padding=&#8220;|0px|59px|0px|false|true&#8220; custom_padding_tablet=&#8220;|0%||0%|false|true&#8220; custom_padding_phone=&#8220;&#8220; custom_padding_last_edited=&#8220;on|tablet&#8220; text_text_color_tablet=&#8220;#121A2F&#8220; text_text_color_phone=&#8220;#121A2F&#8220; text_text_color_last_edited=&#8220;on|phone&#8220; text_line_height_tablet=&#8220;1.3em&#8220; text_line_height_phone=&#8220;&#8220; text_line_height_last_edited=&#8220;on|tablet&#8220; global_colors_info=&#8220;{}&#8220;]<\/p>\n<p style=\"text-align: center;\">Green Vision Solutions ist zertifiziert durch den T\u00dcV Rheinland, ausgezeichnet mit dem Gr\u00fcnderpeis Baden-W\u00fcrttemberg 2022 und dem Mannheimer Existenzgr\u00fcnderpreis 2023; Akkreditiert im Kompetenzatlas f\u00fcr Ressouceneffizienz und Umwelttechnik &amp; Partner von FALK<\/p>\n<p>[\/et_pb_text][\/et_pb_column][et_pb_column type=&#8220;1_2&#8243; _builder_version=&#8220;4.16&#8243; _module_preset=&#8220;default&#8220; custom_padding=&#8220;|||&#8220; global_colors_info=&#8220;{}&#8220; custom_padding__hover=&#8220;|||&#8220;][et_pb_text admin_label=&#8220;Title&#8220; _builder_version=&#8220;4.20.0&#8243; _module_preset=&#8220;default&#8220; text_font=&#8220;Montserrat|700|||||||&#8220; text_text_color=&#8220;#121A2F&#8220; text_font_size=&#8220;35px&#8220; text_line_height=&#8220;1.9em&#8220; header_font=&#8220;||||||||&#8220; header_2_font=&#8220;Libre Franklin|600|||||||&#8220; header_2_line_height=&#8220;1.2em&#8220; background_size=&#8220;initial&#8220; background_position=&#8220;top_left&#8220; background_repeat=&#8220;repeat&#8220; text_orientation=&#8220;center&#8220; max_width=&#8220;900px&#8220; module_alignment=&#8220;left&#8220; custom_margin=&#8220;45px||56px|||&#8220; custom_margin_tablet=&#8220;45px||56px|||&#8220; custom_margin_phone=&#8220;0px||10px||false|false&#8220; custom_margin_last_edited=&#8220;on|phone&#8220; animation_style=&#8220;slide&#8220; animation_direction=&#8220;bottom&#8220; animation_intensity_slide=&#8220;4%&#8220; header_2_font_size_tablet=&#8220;26px&#8220; header_2_font_size_phone=&#8220;16px&#8220; header_2_font_size_last_edited=&#8220;on|tablet&#8220; global_colors_info=&#8220;{}&#8220;]<\/p>\n<h2 style=\"text-align: left;\">M\u00f6chten auch Sie, als Gesch\u00e4ftsf\u00fchrer, Inhaber oder Nachhaltigkeitsmanager, <span style=\"color: #87b339;\">die Zukunftsf\u00e4higkeit Ihres Unternehmens sch\u00fctzen?<\/span><\/h2>\n<p><span style=\"color: #87b337;\"><\/span><\/p>\n<p>[\/et_pb_text][et_pb_text admin_label=&#8220;Title&#8220; _builder_version=&#8220;4.20.0&#8243; _module_preset=&#8220;default&#8220; text_font=&#8220;Libre Franklin|300|||||||&#8220; text_text_color=&#8220;#121A2F&#8220; text_font_size=&#8220;30px&#8220; text_line_height=&#8220;1em&#8220; header_font=&#8220;|600|||||||&#8220; header_font_size=&#8220;46px&#8220; header_line_height=&#8220;1.2em&#8220; header_2_font=&#8220;Libre Franklin|600|||||||&#8220; header_2_font_size=&#8220;40px&#8220; background_size=&#8220;initial&#8220; background_position=&#8220;top_left&#8220; background_repeat=&#8220;repeat&#8220; text_orientation=&#8220;center&#8220; max_width=&#8220;900px&#8220; module_alignment=&#8220;left&#8220; custom_margin=&#8220;-12px||10px|||&#8220; custom_margin_tablet=&#8220;-12px||10px|||&#8220; custom_margin_phone=&#8220;0px||||false|false&#8220; custom_margin_last_edited=&#8220;on|phone&#8220; custom_padding=&#8220;||13px|||&#8220; animation_style=&#8220;slide&#8220; animation_direction=&#8220;bottom&#8220; animation_intensity_slide=&#8220;4%&#8220; header_font_size_tablet=&#8220;46px&#8220; header_font_size_phone=&#8220;26px&#8220; header_font_size_last_edited=&#8220;on|phone&#8220; header_2_font_size_tablet=&#8220;40px&#8220; header_2_font_size_phone=&#8220;30px&#8220; header_2_font_size_last_edited=&#8220;on|phone&#8220; global_colors_info=&#8220;{}&#8220;]<\/p>\n<p style=\"text-align: left;\">Unser Whitepaper zeigt<span style=\"color: #87b337;\"><\/span><\/p>\n<p>[\/et_pb_text][et_pb_text admin_label=&#8220;Title&#8220; _builder_version=&#8220;4.20.0&#8243; _module_preset=&#8220;default&#8220; text_font=&#8220;Libre Franklin|600|||||||&#8220; text_text_color=&#8220;#121A2F&#8220; text_font_size=&#8220;33px&#8220; text_line_height=&#8220;1em&#8220; header_font=&#8220;|600|||||||&#8220; header_font_size=&#8220;46px&#8220; header_line_height=&#8220;1.2em&#8220; header_2_font=&#8220;Libre Franklin|600|||||||&#8220; header_2_font_size=&#8220;40px&#8220; background_size=&#8220;initial&#8220; background_position=&#8220;top_left&#8220; background_repeat=&#8220;repeat&#8220; text_orientation=&#8220;center&#8220; max_width=&#8220;900px&#8220; module_alignment=&#8220;left&#8220; custom_margin=&#8220;-12px||10px|||&#8220; custom_margin_tablet=&#8220;-12px||10px|||&#8220; custom_margin_phone=&#8220;0px||||false|false&#8220; custom_margin_last_edited=&#8220;on|phone&#8220; custom_padding=&#8220;||13px|||&#8220; animation_style=&#8220;slide&#8220; animation_direction=&#8220;bottom&#8220; animation_intensity_slide=&#8220;4%&#8220; header_font_size_tablet=&#8220;46px&#8220; header_font_size_phone=&#8220;26px&#8220; header_font_size_last_edited=&#8220;on|phone&#8220; header_2_font_size_tablet=&#8220;40px&#8220; header_2_font_size_phone=&#8220;30px&#8220; header_2_font_size_last_edited=&#8220;on|phone&#8220; global_colors_info=&#8220;{}&#8220;]<\/p>\n<h1 style=\"text-align: left;\">Wie Sie vier h\u00e4ufige Fehler beim Klimaschutz vermeiden<\/h1>\n<h2><\/h2>\n<p><span style=\"color: #87b337;\"><\/span><\/p>\n<p>[\/et_pb_text][et_pb_text admin_label=&#8220;Title&#8220; _builder_version=&#8220;4.20.0&#8243; _module_preset=&#8220;default&#8220; text_font=&#8220;Libre Franklin||||||||&#8220; text_text_color=&#8220;#121A2F&#8220; text_font_size=&#8220;18px&#8220; text_line_height=&#8220;1.3em&#8220; header_font=&#8220;||||||||&#8220; header_2_font=&#8220;Libre Franklin|600|||||||&#8220; header_2_text_color=&#8220;#87B337&#8243; header_2_font_size=&#8220;30px&#8220; header_2_line_height=&#8220;1.4em&#8220; background_size=&#8220;initial&#8220; background_position=&#8220;top_left&#8220; background_repeat=&#8220;repeat&#8220; text_orientation=&#8220;center&#8220; max_width=&#8220;900px&#8220; module_alignment=&#8220;left&#8220; min_height=&#8220;100px&#8220; custom_margin=&#8220;-9px||36px|||&#8220; custom_padding=&#8220;||0px|||&#8220; animation_style=&#8220;slide&#8220; animation_direction=&#8220;bottom&#8220; animation_intensity_slide=&#8220;4%&#8220; text_font_size_tablet=&#8220;18px&#8220; text_font_size_phone=&#8220;14px&#8220; text_font_size_last_edited=&#8220;on|phone&#8220; header_2_font_size_tablet=&#8220;30px&#8220; header_2_font_size_phone=&#8220;19px&#8220; header_2_font_size_last_edited=&#8220;on|phone&#8220; header_2_line_height_phone=&#8220;1.4em&#8220; header_2_line_height_last_edited=&#8220;off|phone&#8220; global_colors_info=&#8220;{}&#8220;]<\/p>\n<p style=\"text-align: left;\">Jeder spricht von klimafreundlichem und nachhaltigem Wirtschaften. Ein hochaktuelles Thema, \u00fcber das scheinbar jeder informiert ist, welches gleichzeitig aber auch hochkomplex ist. Informieren Sie sich in unserem Whitepaper \u00fcber vier h\u00e4ufige Fehler im Umgang mit Klimaschutz im Unternehmen und wie Sie diese vermeiden.<span style=\"color: #87b337;\"><\/span><\/p>\n<p>[\/et_pb_text][et_pb_image src=&#8220;https:\/\/greenvisionsolutions.de\/wp-content\/uploads\/2023\/03\/trusted_partners_png-1.png&#8220; title_text=&#8220;trusted_partners_png&#8220; disabled_on=&#8220;off|off|on&#8220; _builder_version=&#8220;4.20.2&#8243; _module_preset=&#8220;default&#8220; width=&#8220;100%&#8220; max_width=&#8220;550px&#8220; module_alignment=&#8220;center&#8220; custom_margin=&#8220;||17px|||&#8220; custom_padding=&#8220;2px|||||&#8220; filter_saturate=&#8220;0%&#8220; filter_opacity=&#8220;75%&#8220; module_alignment_tablet=&#8220;left&#8220; module_alignment_phone=&#8220;left&#8220; module_alignment_last_edited=&#8220;on|tablet&#8220; border_radii=&#8220;on|5px|5px|5px|5px&#8220; box_shadow_style=&#8220;preset1&#8243; box_shadow_blur=&#8220;30px&#8220; box_shadow_spread=&#8220;-17px&#8220; global_colors_info=&#8220;{}&#8220;][\/et_pb_image][et_pb_text content_tablet=&#8220;<\/p>\n<p style=%22text-align: left;%22>Green Vision Solutions ist ausgezeichnet mit dem Gr\u00fcnderpeis Baden-W\u00fcrttemberg 2022 und dem Mannheimer Existenzgr\u00fcnderpreis 2023; Akkreditiert im Kompetenzatlas f\u00fcr Ressouceneffizienz und Umwelttechnik &#038; Partner von FALK<\/p>\n<p>&#8220; content_phone=&#8220;<\/p>\n<p style=%22text-align: left;%22>Green Vision Solutions ist ausgezeichnet mit dem Gr\u00fcnderpeis Baden-W\u00fcrttemberg 2022 und dem Mannheimer Existenzgr\u00fcnderpreis 2023; Akkreditiert im Kompetenzatlas f\u00fcr Ressouceneffizienz und Umwelttechnik &#038; Partner von FALK<\/p>\n<p>&#8220; content_last_edited=&#8220;on|phone&#8220; disabled_on=&#8220;off|off|on&#8220; admin_label=&#8220;Zukunftsf\u00e4hig durch messbaren Klimaschutz&#8220; _builder_version=&#8220;4.20.2&#8243; _module_preset=&#8220;default&#8220; text_font=&#8220;Libre Franklin||||||||&#8220; text_text_color=&#8220;#42485B&#8220; text_font_size=&#8220;10px&#8220; text_line_height=&#8220;1.3em&#8220; header_font=&#8220;Libre Franklin||||||||&#8220; header_text_align=&#8220;left&#8220; header_text_color=&#8220;#121A2F&#8220; header_font_size=&#8220;35px&#8220; header_2_font=&#8220;Libre Franklin|600|||||||&#8220; header_2_text_align=&#8220;left&#8220; header_2_text_color=&#8220;#121A2F&#8220; header_2_font_size=&#8220;40px&#8220; header_2_line_height=&#8220;1.2em&#8220; header_3_font_size=&#8220;24px&#8220; text_orientation=&#8220;center&#8220; width=&#8220;49%&#8220; width_tablet=&#8220;49%&#8220; width_phone=&#8220;100%&#8220; width_last_edited=&#8220;on|phone&#8220; module_alignment=&#8220;center&#8220; custom_margin=&#8220;0px||0px||false|false&#8220; custom_margin_tablet=&#8220;0px||||false|false&#8220; custom_margin_phone=&#8220;0px||0px||false|false&#8220; custom_margin_last_edited=&#8220;on|phone&#8220; custom_padding=&#8220;|0px|59px|0px|false|true&#8220; custom_padding_tablet=&#8220;|0%||0%|false|true&#8220; custom_padding_phone=&#8220;||20px||false|true&#8220; custom_padding_last_edited=&#8220;on|tablet&#8220; text_text_color_tablet=&#8220;#121A2F&#8220; text_text_color_phone=&#8220;#121A2F&#8220; text_text_color_last_edited=&#8220;on|phone&#8220; text_line_height_tablet=&#8220;1.3em&#8220; text_line_height_phone=&#8220;&#8220; text_line_height_last_edited=&#8220;on|tablet&#8220; global_colors_info=&#8220;{}&#8220;]<\/p>\n<p>Green Vision Solutions ist zertifiziert durch den T\u00dcV Rheinland, ausgezeichnet mit dem Gr\u00fcnderpeis Baden-W\u00fcrttemberg 2022 und dem Mannheimer Existenzgr\u00fcnderpreis 2023; Akkreditiert im Kompetenzatlas f\u00fcr Ressouceneffizienz und Umwelttechnik &amp; Partner von FALK<\/p>\n<p>[\/et_pb_text][et_pb_code _builder_version=&#8220;4.20.0&#8243; _module_preset=&#8220;default&#8220; background_color=&#8220;#ffffff&#8220; width=&#8220;90%&#8220; width_tablet=&#8220;90%&#8220; width_phone=&#8220;100%&#8220; width_last_edited=&#8220;on|tablet&#8220; max_width=&#8220;900px&#8220; custom_margin=&#8220;0px|0px|0px|0px|true|true&#8220; custom_padding=&#8220;30px|30px|30px|30px|true|true&#8220; border_radii=&#8220;on|9px|9px|9px|9px&#8220; box_shadow_style=&#8220;preset1&#8243; box_shadow_blur=&#8220;28px&#8220; box_shadow_spread=&#8220;-27px&#8220; global_colors_info=&#8220;{}&#8220;]<script charset=\"utf-8\" type=\"text\/javascript\" src=\"\/\/js-eu1.hsforms.net\/forms\/embed\/v2.js\"><\/script><!-- [et_pb_line_break_holder] --><script><!-- [et_pb_line_break_holder] -->  hbspt.forms.create({<!-- [et_pb_line_break_holder] -->    region: \"eu1\",<!-- [et_pb_line_break_holder] -->    portalId: \"25921385\",<!-- [et_pb_line_break_holder] -->    formId: \"749428d3-5fde-417e-a6ff-523ad7abbbb5\"<!-- [et_pb_line_break_holder] -->  });<!-- [et_pb_line_break_holder] --><\/script>[\/et_pb_code][\/et_pb_column][\/et_pb_row][\/et_pb_section]<\/p>\n","protected":false},"excerpt":{"rendered":"<p>Green Vision Solutions ist zertifiziert durch den T\u00dcV Rheinland, ausgezeichnet mit dem Gr\u00fcnderpeis Baden-W\u00fcrttemberg 2022 und dem Mannheimer Existenzgr\u00fcnderpreis 2023; Akkreditiert im Kompetenzatlas f\u00fcr Ressouceneffizienz und Umwelttechnik &amp; Partner von FALKM\u00f6chten auch Sie, als Gesch\u00e4ftsf\u00fchrer, Inhaber oder Nachhaltigkeitsmanager, die Zukunftsf\u00e4higkeit Ihres Unternehmens sch\u00fctzen? Unser Whitepaper zeigtWie Sie vier h\u00e4ufige Fehler beim Klimaschutz vermeiden Jeder spricht [&hellip;]<\/p>\n","protected":false},"author":2,"featured_media":0,"parent":0,"menu_order":0,"comment_status":"closed","ping_status":"closed","template":"","meta":{"_et_pb_use_builder":"on","_et_pb_old_content":"","_et_gb_content_width":"","content-type":"","inline_featured_image":false,"footnotes":""},"class_list":["post-6155","page","type-page","status-publish","hentry"],"_links":{"self":[{"href":"https:\/\/greenvisionsolutions.de\/en\/wp-json\/wp\/v2\/pages\/6155","targetHints":{"allow":["GET"]}}],"collection":[{"href":"https:\/\/greenvisionsolutions.de\/en\/wp-json\/wp\/v2\/pages"}],"about":[{"href":"https:\/\/greenvisionsolutions.de\/en\/wp-json\/wp\/v2\/types\/page"}],"author":[{"embeddable":true,"href":"https:\/\/greenvisionsolutions.de\/en\/wp-json\/wp\/v2\/users\/2"}],"replies":[{"embeddable":true,"href":"https:\/\/greenvisionsolutions.de\/en\/wp-json\/wp\/v2\/comments?post=6155"}],"version-history":[{"count":4,"href":"https:\/\/greenvisionsolutions.de\/en\/wp-json\/wp\/v2\/pages\/6155\/revisions"}],"predecessor-version":[{"id":7039,"href":"https:\/\/greenvisionsolutions.de\/en\/wp-json\/wp\/v2\/pages\/6155\/revisions\/7039"}],"wp:attachment":[{"href":"https:\/\/greenvisionsolutions.de\/en\/wp-json\/wp\/v2\/media?parent=6155"}],"curies":[{"name":"wp","href":"https:\/\/api.w.org\/{rel}","templated":true}]}}