{"id":954,"date":"2022-01-05T14:56:51","date_gmt":"2022-01-05T14:56:51","guid":{"rendered":"https:\/\/greenvisionsolutions.de\/?page_id=954"},"modified":"2024-10-15T12:51:50","modified_gmt":"2024-10-15T12:51:50","slug":"example-dashboard","status":"publish","type":"page","link":"https:\/\/greenvisionsolutions.de\/en\/beispiel-dashboard\/","title":{"rendered":"Example dashboard"},"content":{"rendered":"<p>[et_pb_section fb_built=&#8220;1&#8243; _builder_version=&#8220;4.27.2&#8243; _module_preset=&#8220;default&#8220; background_color=&#8220;#ECEEF4&#8243; custom_margin=&#8220;||100px||false|false&#8220; custom_padding=&#8220;0px||450px||false|false&#8220; hover_enabled=&#8220;0&#8243; global_colors_info=&#8220;{}&#8220; sticky_enabled=&#8220;0&#8243;][et_pb_row _builder_version=&#8220;4.16&#8243; _module_preset=&#8220;default&#8220; width=&#8220;100%&#8220; max_width=&#8220;2560px&#8220; global_colors_info=&#8220;{}&#8220;][et_pb_column type=&#8220;4_4&#8243; _builder_version=&#8220;4.16&#8243; _module_preset=&#8220;default&#8220; global_colors_info=&#8220;{}&#8220;][et_pb_text content_tablet=&#8220;<\/p>\n<h4>IHRE UNTERNEHMENSBILANZIERUNG<\/h4>\n<h2>Corporate Carbon Footprint<\/h2>\n<p style=%22margin-top: -3%;%22>&#8220; content_phone=&#8220;<\/p>\n<h5>IHRE UNTERNEHEMENSBILANZIERUNG<\/h5>\n<h2>Corporate Carbon Footprint<\/h2>\n<p>&#8220; content_last_edited=&#8220;off|desktop&#8220; admin_label=&#8220;Zukunftsf\u00e4hig durch messbaren Klimaschutz&#8220; _builder_version=&#8220;4.18.0&#8243; _module_preset=&#8220;default&#8220; text_font=&#8220;Libre Franklin||||||||&#8220; text_text_color=&#8220;#121A2F&#8220; text_font_size=&#8220;9px&#8220; text_line_height=&#8220;1.3em&#8220; header_font=&#8220;Libre Franklin||||||||&#8220; header_text_color=&#8220;#121A2F&#8220; header_font_size=&#8220;27px&#8220; header_2_font=&#8220;Libre Franklin|600|||||||&#8220; header_2_text_color=&#8220;#121A2F&#8220; header_2_font_size=&#8220;35px&#8220; header_2_line_height=&#8220;1.4em&#8220; header_5_font=&#8220;|600|||||||&#8220; header_5_text_align=&#8220;left&#8220; header_5_font_size=&#8220;12px&#8220; width=&#8220;2000px&#8220; max_width=&#8220;100%&#8220; custom_margin=&#8220;|||100px|false|false&#8220; custom_margin_tablet=&#8220;&#8220; custom_margin_phone=&#8220;-35px||9px|0px|false|false&#8220; custom_margin_last_edited=&#8220;on|phone&#8220; custom_padding=&#8220;|0%||0%|false|true&#8220; custom_padding_tablet=&#8220;|0%||0%|false|true&#8220; custom_padding_phone=&#8220;||47px||false|true&#8220; custom_padding_last_edited=&#8220;on|tablet&#8220; link_option_url=&#8220;https:\/\/greenvisionsolutions.de\/CORPORATE-CARBON-FOOTPRINT\/&#8220; text_line_height_tablet=&#8220;1.3em&#8220; text_line_height_phone=&#8220;&#8220; text_line_height_last_edited=&#8220;on|tablet&#8220; header_line_height_tablet=&#8220;&#8220; header_line_height_phone=&#8220;1em&#8220; header_line_height_last_edited=&#8220;on|phone&#8220; header_2_font_size_tablet=&#8220;&#8220; header_2_font_size_phone=&#8220;30px&#8220; header_2_font_size_last_edited=&#8220;on|phone&#8220; header_2_line_height_tablet=&#8220;&#8220; header_2_line_height_phone=&#8220;1.1em&#8220; header_2_line_height_last_edited=&#8220;on|phone&#8220; header_5_font_size_tablet=&#8220;&#8220; header_5_font_size_phone=&#8220;12px&#8220; header_5_font_size_last_edited=&#8220;on|phone&#8220; global_colors_info=&#8220;{}&#8220;]<\/p>\n<h5><img decoding=\"async\" style=\"display: inline; transform: rotate(90deg); height: 8px; margin: 0px 5px 0.5px 0px;\" title=\"heartica_logo\" data-src=\"https:\/\/greenvisionsolutions.de\/wp-content\/uploads\/2021\/09\/Pfeil.svg\" alt=\"Haken\" src=\"data:image\/svg+xml;base64,PHN2ZyB3aWR0aD0iMSIgaGVpZ2h0PSIxIiB4bWxucz0iaHR0cDovL3d3dy53My5vcmcvMjAwMC9zdmciPjwvc3ZnPg==\" class=\"lazyload\" \/><a href=\"https:\/\/greenvisionsolutions.de\/corporate-carbon-footprint\/\">ZUM CORPORATE CARBON FOOTPRINT<\/a><\/h5>\n<p>[\/et_pb_text][\/et_pb_column][\/et_pb_row][et_pb_row _builder_version=&#8220;4.16&#8243; _module_preset=&#8220;default&#8220; custom_margin=&#8220;|auto||auto|false|false&#8220; custom_padding=&#8220;||6px||false|false&#8220; global_colors_info=&#8220;{}&#8220;][et_pb_column type=&#8220;4_4&#8243; _builder_version=&#8220;4.16&#8243; _module_preset=&#8220;default&#8220; global_colors_info=&#8220;{}&#8220;][et_pb_text content_tablet=&#8220;<\/p>\n<h4>IHRE UNTERNEHMENSBILANZIERUNG<\/h4>\n<h2>Corporate Carbon Footprint<\/h2>\n<p style=%22margin-top: -3%;%22>&#8220; content_phone=&#8220;<\/p>\n<h5>IHRE UNTERNEHEMENSBILANZIERUNG<\/h5>\n<h2>Corporate Carbon Footprint<\/h2>\n<p>&#8220; content_last_edited=&#8220;off|desktop&#8220; admin_label=&#8220;Zukunftsf\u00e4hig durch messbaren Klimaschutz&#8220; _builder_version=&#8220;4.20.4&#8243; _module_preset=&#8220;default&#8220; text_font=&#8220;Libre Franklin||||||||&#8220; text_text_color=&#8220;#121A2F&#8220; text_font_size=&#8220;16px&#8220; text_line_height=&#8220;1.3em&#8220; header_font=&#8220;Libre Franklin||||||||&#8220; header_text_color=&#8220;#121A2F&#8220; header_font_size=&#8220;35px&#8220; header_2_font=&#8220;Libre Franklin|600|||||||&#8220; header_2_text_color=&#8220;#121A2F&#8220; header_2_font_size=&#8220;35px&#8220; header_2_line_height=&#8220;1.4em&#8220; text_orientation=&#8220;center&#8220; min_height=&#8220;26px&#8220; custom_margin=&#8220;-21px||43px|||&#8220; custom_margin_tablet=&#8220;&#8220; custom_margin_phone=&#8220;-19px||-40px||false|false&#8220; custom_margin_last_edited=&#8220;on|phone&#8220; custom_padding=&#8220;|24%||24%|false|true&#8220; custom_padding_tablet=&#8220;|0%||0%|false|true&#8220; custom_padding_phone=&#8220;|0%|0px|0%|false|true&#8220; custom_padding_last_edited=&#8220;on|tablet&#8220; text_line_height_tablet=&#8220;1.3em&#8220; text_line_height_phone=&#8220;&#8220; text_line_height_last_edited=&#8220;on|tablet&#8220; header_font_size_tablet=&#8220;&#8220; header_font_size_phone=&#8220;28px&#8220; header_font_size_last_edited=&#8220;on|phone&#8220; header_line_height_tablet=&#8220;&#8220; header_line_height_phone=&#8220;1em&#8220; header_line_height_last_edited=&#8220;on|phone&#8220; header_2_font_size_tablet=&#8220;&#8220; header_2_font_size_phone=&#8220;23px&#8220; header_2_font_size_last_edited=&#8220;on|phone&#8220; header_2_line_height_tablet=&#8220;&#8220; header_2_line_height_phone=&#8220;1.1em&#8220; header_2_line_height_last_edited=&#8220;on|phone&#8220; header_4_font_size_tablet=&#8220;&#8220; header_4_font_size_phone=&#8220;14px&#8220; header_4_font_size_last_edited=&#8220;on|phone&#8220; header_5_font_size_tablet=&#8220;&#8220; header_5_font_size_phone=&#8220;12px&#8220; header_5_font_size_last_edited=&#8220;on|phone&#8220; global_colors_info=&#8220;{}&#8220;]<\/p>\n<h4>Corporate Carbon Footprint Dashboard\u00a0<\/h4>\n<p style=\"margin-top: -3%;\">[\/et_pb_text][et_pb_text content_tablet=&#8220;<\/p>\n<h3>So machen wir Emissionshotspots und Einsparpotenziale transparent<\/h3>\n<p>Die berechneten \u00f6kologischen Kennzahlen digitalisieren wir in unserem Online-Dashboard und bereiten diese auf verschiedenen Ebenen auf:&#8220; content_phone=&#8220;<\/p>\n<h2>So machen wir Emissionshotspots und Einsparpotenziale transparent<\/h2>\n<p>Die berechneten \u00f6kologischen Kennzahlen digitalisieren wir in unserem Online-Dashboard und bereiten diese auf verschiedenen Ebenen auf:<\/p>\n<p>&#8220; content_last_edited=&#8220;off|desktop&#8220; admin_label=&#8220;Zukunftsf\u00e4hig durch messbaren Klimaschutz&#8220; _builder_version=&#8220;4.20.4&#8243; _module_preset=&#8220;default&#8220; text_font=&#8220;Libre Franklin||||||||&#8220; text_text_color=&#8220;#121A2F&#8220; text_font_size=&#8220;16px&#8220; text_line_height=&#8220;1.2em&#8220; header_font=&#8220;Libre Franklin||||||||&#8220; header_text_color=&#8220;#121A2F&#8220; header_font_size=&#8220;35px&#8220; header_2_font=&#8220;Libre Franklin|600|||||||&#8220; header_2_text_color=&#8220;#121A2F&#8220; header_2_font_size=&#8220;35px&#8220; header_3_font=&#8220;|600|||||||&#8220; header_3_font_size=&#8220;40px&#8220; header_3_line_height=&#8220;1.2em&#8220; text_orientation=&#8220;center&#8220; width=&#8220;45%&#8220; width_tablet=&#8220;89%&#8220; width_phone=&#8220;100%&#8220; width_last_edited=&#8220;on|phone&#8220; max_width=&#8220;100%&#8220; module_alignment=&#8220;center&#8220; custom_margin=&#8220;38px||24px|0px|false|false&#8220; custom_padding=&#8220;|1.9%||1.9%|false|true&#8220; custom_padding_tablet=&#8220;|0%||0%|false|true&#8220; custom_padding_phone=&#8220;0px|0%||0%|false|true&#8220; custom_padding_last_edited=&#8220;on|tablet&#8220; text_line_height_tablet=&#8220;1.3em&#8220; text_line_height_phone=&#8220;&#8220; text_line_height_last_edited=&#8220;on|tablet&#8220; header_2_font_size_tablet=&#8220;&#8220; header_2_font_size_phone=&#8220;25px&#8220; header_2_font_size_last_edited=&#8220;on|phone&#8220; header_2_line_height_tablet=&#8220;&#8220; header_2_line_height_phone=&#8220;1.2em&#8220; header_2_line_height_last_edited=&#8220;on|phone&#8220; text_orientation_tablet=&#8220;&#8220; text_orientation_phone=&#8220;center&#8220; text_orientation_last_edited=&#8220;on|phone&#8220; global_colors_info=&#8220;{}&#8220;]<\/p>\n<h3>Alles Wichtige immer im Blick<\/h3>\n<p>&nbsp;<\/p>\n<p>Ihre Kennzahlen, Berichte und Zertifikate finden Sie \u00fcbersichtlich zusammengefasst auf Ihrem Online-Dashboard. Hier k\u00f6nnen Sie die Ver\u00e4nderung Ihrer Jahresemissionen, die Kennzahlen einzelner Posten und deren Entwicklungspotenziale nachvollziehen und \u00fcberwachen.<\/p>\n<p>[\/et_pb_text][et_pb_image src=&#8220;https:\/\/greenvisionsolutions.de\/wp-content\/uploads\/2022\/01\/Pfeilnachunten.svg&#8220; title_text=&#8220;Pfeilnachunten&#8220; align=&#8220;center&#8220; _builder_version=&#8220;4.16&#8243; _module_preset=&#8220;default&#8220; transform_scale=&#8220;89%|89%&#8220; width=&#8220;100%&#8220; global_colors_info=&#8220;{}&#8220;][\/et_pb_image][\/et_pb_column][\/et_pb_row][\/et_pb_section][et_pb_section fb_built=&#8220;1&#8243; _builder_version=&#8220;4.20.0&#8243; _module_preset=&#8220;default&#8220; custom_margin=&#8220;||200px||false|false&#8220; custom_padding=&#8220;141px||1px|||&#8220; background_color_tablet=&#8220;RGBA(255,255,255,0)&#8220; background_color_phone=&#8220;#f2f2f2&#8243; background_last_edited=&#8220;on|phone&#8220; background_enable_color_tablet=&#8220;on&#8220; background_enable_color_phone=&#8220;on&#8220; global_colors_info=&#8220;{}&#8220;][et_pb_row _builder_version=&#8220;4.16&#8243; _module_preset=&#8220;default&#8220; custom_margin=&#8220;|auto|-5px|auto||&#8220; custom_padding=&#8220;||0px|||&#8220; global_colors_info=&#8220;{}&#8220;][et_pb_column type=&#8220;4_4&#8243; _builder_version=&#8220;4.16&#8243; _module_preset=&#8220;default&#8220; global_colors_info=&#8220;{}&#8220;][et_pb_image src=&#8220;https:\/\/greenvisionsolutions.de\/wp-content\/uploads\/2024\/10\/Dashboard_GreenVisionSolutions_1024_1.jpg&#8220; alt=&#8220;Corporate Carbon Footprint Dashboard&#8220; title_text=&#8220;Dashboard_GreenVisionSolutions_1024_1&#8243; align=&#8220;center&#8220; _builder_version=&#8220;4.27.2&#8243; _module_preset=&#8220;default&#8220; width=&#8220;100%&#8220; custom_margin=&#8220;-690px||0px||false|false&#8220; custom_padding=&#8220;0px||0px|||&#8220; hover_enabled=&#8220;0&#8243; border_radii=&#8220;on|9px|9px|9px|9px&#8220; global_colors_info=&#8220;{}&#8220; sticky_enabled=&#8220;0&#8243; max_width=&#8220;1250px&#8220;][\/et_pb_image][et_pb_image src=&#8220;https:\/\/greenvisionsolutions.de\/wp-content\/uploads\/2024\/10\/Dashboard_GreenVisionSolutions_1024_2.jpg&#8220; alt=&#8220;Corporate Carbon Footprint Dashboard&#8220; title_text=&#8220;Dashboard_GreenVisionSolutions_1024_2&#8243; align=&#8220;center&#8220; _builder_version=&#8220;4.27.2&#8243; _module_preset=&#8220;default&#8220; width=&#8220;100%&#8220; custom_margin=&#8220;0px||0px||false|false&#8220; custom_padding=&#8220;0px||0px|||&#8220; hover_enabled=&#8220;0&#8243; border_radii=&#8220;on|9px|9px|9px|9px&#8220; global_colors_info=&#8220;{}&#8220; sticky_enabled=&#8220;0&#8243; max_width=&#8220;1250px&#8220;][\/et_pb_image][et_pb_text content_tablet=&#8220;<\/p>\n<h2>Zukunftsf\u00e4hig durch messbaren Klimaschutz<\/h2>\n<\/p>\n<p>Green Vision Solutions stellt Ihr Unternehmen zukunftsf\u00e4hig auf, weil wir messbaren Klimaschutz verwirklichen. Unser Ansatz ist l\u00f6sungsorientiert und anwendungsbezogen, denn \u00d6kologie und \u00d6konomie gehen bei uns Hand in Hand.<\/p>\n<p>&#8220; content_phone=&#8220;<\/p>\n<h2>Zukunftsf\u00e4hig durch messbaren Klimaschutz<\/h2>\n<\/p>\n<p>Green Vision Solutions stellt Ihr Unternehmen zukunftsf\u00e4hig auf, weil wir messbaren Klimaschutz verwirklichen. Unser Ansatz ist l\u00f6sungsorientiert und anwendungsbezogen, denn \u00d6kologie und \u00d6konomie gehen bei uns Hand in Hand.<\/p>\n<p>&#8220; content_last_edited=&#8220;off|desktop&#8220; disabled_on=&#8220;on|on|off&#8220; admin_label=&#8220;Zukunftsf\u00e4hig durch messbaren Klimaschutz&#8220; _builder_version=&#8220;4.27.2&#8243; _module_preset=&#8220;default&#8220; text_font=&#8220;Libre Franklin|600|||||||&#8220; text_text_color=&#8220;#121A2F&#8220; text_font_size=&#8220;20px&#8220; text_line_height=&#8220;1.3em&#8220; header_font=&#8220;Libre Franklin||||||||&#8220; header_text_align=&#8220;left&#8220; header_text_color=&#8220;#121A2F&#8220; header_font_size=&#8220;35px&#8220; header_2_font=&#8220;Libre Franklin|600|||||||&#8220; header_2_text_align=&#8220;left&#8220; header_2_text_color=&#8220;#121A2F&#8220; header_2_font_size=&#8220;40px&#8220; header_2_line_height=&#8220;1.2em&#8220; header_3_font_size=&#8220;24px&#8220; text_orientation=&#8220;center&#8220; custom_margin=&#8220;4px||0px||false|false&#8220; custom_margin_tablet=&#8220;0px||||false|false&#8220; custom_margin_phone=&#8220;40px||0px||false|false&#8220; custom_margin_last_edited=&#8220;off|desktop&#8220; custom_padding=&#8220;|0px|9px|0px|false|true&#8220; custom_padding_tablet=&#8220;|0%||0%|false|true&#8220; custom_padding_phone=&#8220;&#8220; custom_padding_last_edited=&#8220;on|tablet&#8220; hover_enabled=&#8220;0&#8243; text_text_color_tablet=&#8220;#121A2F&#8220; text_text_color_phone=&#8220;#121A2F&#8220; text_text_color_last_edited=&#8220;on|phone&#8220; text_line_height_tablet=&#8220;1.3em&#8220; text_line_height_phone=&#8220;&#8220; text_line_height_last_edited=&#8220;on|tablet&#8220; global_colors_info=&#8220;{}&#8220; sticky_enabled=&#8220;0&#8243;]<\/p>\n<p style=\"text-align: center;\">Sie m\u00f6chten Software und Dashboard umfassend kennenlernen?<\/p>\n<p>[\/et_pb_text][et_pb_button button_url=&#8220;https:\/\/greenvisionsolutions.de\/formular-beratung-anfragen\/&#8220; url_new_window=&#8220;on&#8220; button_text=&#8220;Jetzt Demo vereinbaren&#8220; button_alignment=&#8220;center&#8220; button_alignment_tablet=&#8220;center&#8220; button_alignment_phone=&#8220;center&#8220; button_alignment_last_edited=&#8220;on|phone&#8220; disabled_on=&#8220;off|off|off&#8220; _builder_version=&#8220;4.27.2&#8243; _module_preset=&#8220;default&#8220; custom_button=&#8220;on&#8220; button_text_size=&#8220;16px&#8220; button_text_color=&#8220;#FFFFFF&#8220; button_bg_color=&#8220;#87B337&#8243; button_border_width=&#8220;0px&#8220; button_border_color=&#8220;RGBA(255,255,255,0)&#8220; button_border_radius=&#8220;100px&#8220; button_letter_spacing=&#8220;0px&#8220; button_font=&#8220;|300|||||||&#8220; button_icon=&#8220;&#x35;||divi||400&#8243; button_icon_color=&#8220;#ffffff&#8220; custom_margin=&#8220;6px|0px|1px|0px|false|false&#8220; custom_margin_tablet=&#8220;6px|0px|29px||false|false&#8220; custom_margin_phone=&#8220;6px|0px|45px||false|false&#8220; custom_margin_last_edited=&#8220;off|phone&#8220; custom_padding=&#8220;15px|35px|15px|35px|true|true&#8220; custom_padding_tablet=&#8220;9px|20px|9px|20px|false|true&#8220; custom_padding_phone=&#8220;15px|20px|15px|20px|true|true&#8220; custom_padding_last_edited=&#8220;on|phone&#8220; hover_enabled=&#8220;0&#8243; button_text_size_tablet=&#8220;16px&#8220; button_text_size_phone=&#8220;14px&#8220; button_text_size_last_edited=&#8220;on|phone&#8220; box_shadow_style=&#8220;preset2&#8243; box_shadow_horizontal=&#8220;4px&#8220; box_shadow_vertical=&#8220;4px&#8220; box_shadow_blur=&#8220;16px&#8220; box_shadow_spread=&#8220;-6px&#8220; box_shadow_color=&#8220;#B0B3BE&#8220; saved_tabs=&#8220;all&#8220; global_colors_info=&#8220;{}&#8220; button_bg_color__hover_enabled=&#8220;on|hover&#8220; button_bg_color__hover=&#8220;#598600&#8243; button_bg_enable_color__hover=&#8220;on&#8220; button_text_color__hover_enabled=&#8220;off|desktop&#8220; button_text_color__hover=&#8220;#cad696&#8243; button_border_radius__hover_enabled=&#8220;off|desktop&#8220; button_border_radius__hover=&#8220;100px&#8220; button_border_color__hover_enabled=&#8220;on|desktop&#8220; button_border_color__hover=&#8220;RGBA(255,255,255,0)&#8220; sticky_enabled=&#8220;0&#8243;][\/et_pb_button][\/et_pb_column][\/et_pb_row][\/et_pb_section]<\/p>\n","protected":false},"excerpt":{"rendered":"<p>ZUM CORPORATE CARBON FOOTPRINTCorporate Carbon Footprint Dashboard\u00a0 Alles Wichtige immer im Blick &nbsp; Ihre Kennzahlen, Berichte und Zertifikate finden Sie \u00fcbersichtlich zusammengefasst auf Ihrem Online-Dashboard. Hier k\u00f6nnen Sie die Ver\u00e4nderung Ihrer Jahresemissionen, die Kennzahlen einzelner Posten und deren Entwicklungspotenziale nachvollziehen und \u00fcberwachen.Sie m\u00f6chten Software und Dashboard umfassend kennenlernen?<\/p>","protected":false},"author":2,"featured_media":0,"parent":0,"menu_order":0,"comment_status":"closed","ping_status":"closed","template":"","meta":{"_et_pb_use_builder":"on","_et_pb_old_content":"","_et_gb_content_width":"","content-type":"","inline_featured_image":false,"footnotes":""},"class_list":["post-954","page","type-page","status-publish","hentry"],"_links":{"self":[{"href":"https:\/\/greenvisionsolutions.de\/en\/wp-json\/wp\/v2\/pages\/954","targetHints":{"allow":["GET"]}}],"collection":[{"href":"https:\/\/greenvisionsolutions.de\/en\/wp-json\/wp\/v2\/pages"}],"about":[{"href":"https:\/\/greenvisionsolutions.de\/en\/wp-json\/wp\/v2\/types\/page"}],"author":[{"embeddable":true,"href":"https:\/\/greenvisionsolutions.de\/en\/wp-json\/wp\/v2\/users\/2"}],"replies":[{"embeddable":true,"href":"https:\/\/greenvisionsolutions.de\/en\/wp-json\/wp\/v2\/comments?post=954"}],"version-history":[{"count":24,"href":"https:\/\/greenvisionsolutions.de\/en\/wp-json\/wp\/v2\/pages\/954\/revisions"}],"predecessor-version":[{"id":13545,"href":"https:\/\/greenvisionsolutions.de\/en\/wp-json\/wp\/v2\/pages\/954\/revisions\/13545"}],"wp:attachment":[{"href":"https:\/\/greenvisionsolutions.de\/en\/wp-json\/wp\/v2\/media?parent=954"}],"curies":[{"name":"wp","href":"https:\/\/api.w.org\/{rel}","templated":true}]}}